 {"id":180,"date":"2012-11-20T15:21:46","date_gmt":"2012-11-20T13:21:46","guid":{"rendered":"http:\/\/kanzlei-matkei.de?page_id=180"},"modified":"2012-12-11T16:46:58","modified_gmt":"2012-12-11T14:46:58","slug":"strafrecht","status":"publish","type":"page","link":"https:\/\/kanzlei-matkei.de\/?page_id=180","title":{"rendered":"Strafrecht"},"content":{"rendered":"<h2>Strafrecht<\/h2>\n<p><a href=\"http:\/\/kanzlei-matkei.dewp-content\/uploads\/2012\/11\/matkei_aussen.jpg\"><img decoding=\"async\" loading=\"lazy\" class=\"alignright size-medium wp-image-209\" src=\"http:\/\/kanzlei-matkei.dewp-content\/uploads\/2012\/11\/matkei_aussen-217x300.jpg\" alt=\"\" width=\"217\" height=\"300\" srcset=\"https:\/\/kanzlei-matkei.de\/wp-content\/uploads\/2012\/11\/matkei_aussen-217x300.jpg 217w, https:\/\/kanzlei-matkei.de\/wp-content\/uploads\/2012\/11\/matkei_aussen.jpg 657w\" sizes=\"(max-width: 217px) 100vw, 217px\" \/><\/a><\/p>\n<ul>\n<li>Ich vertrete Ihre Interessen und Rechte bundesweit.<\/li>\n<li>Ich erarbeite mit Ihnen eine Verteidigungsstrategie und zeige Ihnen die Erfolgsaussichten realistisch auf.\u00a0<\/li>\n<li>Ich setze die Strategie k\u00e4mpferisch auch gegen den Widerstand der Strafverfolgungsbeh\u00f6rden um.\u00a0<\/li>\n<li>Ich gehe mit Ihnen im Zweifel durch den Instanzenweg.<\/li>\n<li>\u00a0Ich stehe Ihnen in jeder Verfahrenslage zur Seite:\u00a0\n<ul>\n<li>Im Falle einer Strafanzeige\u00a0<\/li>\n<li>Falls Sie von der Polizei oder dem Zollamt vorgeladen werden\u00a0<\/li>\n<li>Bei einer Anklageschrift vom Gericht\u00a0<\/li>\n<li>Wenn Sie vom Gericht einen Strafbefehl erhalten haben\u00a0<\/li>\n<li>Bei einer Durchsuchung Ihrer Wohnung oder Ihrer Gesch\u00e4ftsr\u00e4ume\u00a0<\/li>\n<li>Falls Sie festgenommen oder verhaftet wurden\u00a0<\/li>\n<li>Bei Haftpr\u00fcfung und Haftbeschwerde\u00a0<\/li>\n<li>Bei Berufungs- oder Revisionseinlegung\u00a0<\/li>\n<\/ul>\n<\/li>\n<\/ul>\n<p>Mein erster Schritt ist immer die Einsicht in die Ermittlungsakte. Eine effektive Verteidigung wird erst m\u00f6glich, wenn der konkrete Vorwurf bekannt ist und deutlich wird auf welche Fakten sich dieser st\u00fctzt. Wenn Sie einen Strafverteidiger ben\u00f6tigen, <a title=\"Kontakt\" href=\"http:\/\/kanzlei-matkei.de?page_id=107\">rufen Sie mich an<\/a>.<\/p>\n<p>&nbsp;<\/p>\n<p>\u00a0<a title=\"Fachgebiete\" href=\"http:\/\/kanzlei-matkei.de?page_id=99\">< zur\u00fcck zur \u00dcbersicht<\/a><\/p>\n","protected":false},"excerpt":{"rendered":"<p>Strafrecht Ich vertrete Ihre Interessen und Rechte bundesweit. Ich erarbeite mit Ihnen eine Verteidigungsstrategie und zeige Ihnen die Erfolgsaussichten realistisch auf.\u00a0 Ich setze die Strategie k\u00e4mpferisch auch gegen den Widerstand der Strafverfolgungsbeh\u00f6rden um.\u00a0 Ich gehe mit Ihnen im Zweifel durch den Instanzenweg. \u00a0Ich stehe Ihnen in jeder Verfahrenslage zur Seite:\u00a0 Im Falle einer Strafanzeige\u00a0 Falls [&hellip;]<\/p>\n","protected":false},"author":1,"featured_media":0,"parent":0,"menu_order":0,"comment_status":"open","ping_status":"open","template":"","meta":[],"_links":{"self":[{"href":"https:\/\/kanzlei-matkei.de\/index.php?rest_route=\/wp\/v2\/pages\/180"}],"collection":[{"href":"https:\/\/kanzlei-matkei.de\/index.php?rest_route=\/wp\/v2\/pages"}],"about":[{"href":"https:\/\/kanzlei-matkei.de\/index.php?rest_route=\/wp\/v2\/types\/page"}],"author":[{"embeddable":true,"href":"https:\/\/kanzlei-matkei.de\/index.php?rest_route=\/wp\/v2\/users\/1"}],"replies":[{"embeddable":true,"href":"https:\/\/kanzlei-matkei.de\/index.php?rest_route=%2Fwp%2Fv2%2Fcomments&post=180"}],"version-history":[{"count":7,"href":"https:\/\/kanzlei-matkei.de\/index.php?rest_route=\/wp\/v2\/pages\/180\/revisions"}],"predecessor-version":[{"id":210,"href":"https:\/\/kanzlei-matkei.de\/index.php?rest_route=\/wp\/v2\/pages\/180\/revisions\/210"}],"wp:attachment":[{"href":"https:\/\/kanzlei-matkei.de\/index.php?rest_route=%2Fwp%2Fv2%2Fmedia&parent=180"}],"curies":[{"name":"wp","href":"https:\/\/api.w.org\/{rel}","templated":true}]}}