 {"id":172,"date":"2012-11-20T14:05:01","date_gmt":"2012-11-20T12:05:01","guid":{"rendered":"http:\/\/kanzlei-matkei.de?page_id=172"},"modified":"2012-12-11T16:45:17","modified_gmt":"2012-12-11T14:45:17","slug":"familienrecht","status":"publish","type":"page","link":"https:\/\/kanzlei-matkei.de\/?page_id=172","title":{"rendered":"Familienrecht"},"content":{"rendered":"<h2>Familienrecht<\/h2>\n<p><a href=\"http:\/\/kanzlei-matkei.dewp-content\/uploads\/2012\/11\/matkei_aussen.jpg\"><img decoding=\"async\" loading=\"lazy\" class=\"alignright size-medium wp-image-209\" src=\"http:\/\/kanzlei-matkei.dewp-content\/uploads\/2012\/11\/matkei_aussen-217x300.jpg\" alt=\"\" width=\"217\" height=\"300\" srcset=\"https:\/\/kanzlei-matkei.de\/wp-content\/uploads\/2012\/11\/matkei_aussen-217x300.jpg 217w, https:\/\/kanzlei-matkei.de\/wp-content\/uploads\/2012\/11\/matkei_aussen.jpg 657w\" sizes=\"(max-width: 217px) 100vw, 217px\" \/><\/a><\/p>\n<p>Suchen Sie einen Anwalt, der sich seit Jahren auf das Familienrecht spezialisiert hat &#8211; dann sollten Sie mich kennenlernen. Ich kenne alle Facetten des Familien- und Erbrechts. Oberstes Ziel meiner Betreuung ist die Befriedung der f\u00fcr Sie belastenden Situation, die die Zufriedenheit m\u00f6glichst aller Beteiligten bewirkt. Die Zielsetzung ist immer einverst\u00e4ndliche au\u00dfergerichtliche Ergebnisse zu schaffen, die Ihre Interessen im Besonderen ber\u00fccksichtigen.<\/p>\n<p>Ich wei\u00df, dass familienrechtliche F\u00e4lle zu massiven Einschnitten in die Lebens und Zukunftssituation der Beteiligten f\u00fchren. Guter Rat und das Eingehen auf die pers\u00f6nlichen Befindlichkeiten und Bed\u00fcrfnisse der Betroffenen ist in dieser Extremsituation unermesslich wichtig. Sie brauchen einen zuverl\u00e4ssigen, unkomplizierten Ansprechpartner, der Sie durch diese Situation begleitet und Ihre Interessen optimal vertritt.<\/p>\n<p>Scheidungen sind meine Kernkompetenz. Ich entwerfe Ihnen auch Ehevertr\u00e4ge und Scheidungsfolgevereinbarungen. Ich vertrete Sie Sie in Kindschaftssachen und Unterhaltssachen. Ich berate Sie bei der Erstellung von Testamenten und beantworte Ihnen alle Fragen, die sich erbrechtlich im familienrechtlichen Bereich stellen.<\/p>\n<p>Aktuelle Themen:<\/p>\n<ul>\n<li>Ehegattenunterhalt<\/li>\n<li>Kindesunterhalt<\/li>\n<li>Online-Scheidung<\/li>\n<\/ul>\n<p>&nbsp;<\/p>\n<p><a title=\"Fachgebiete\" href=\"http:\/\/kanzlei-matkei.de?page_id=99\">< Zur\u00fcck zur \u00dcbersicht<\/a><\/p>\n","protected":false},"excerpt":{"rendered":"<p>Familienrecht Suchen Sie einen Anwalt, der sich seit Jahren auf das Familienrecht spezialisiert hat &#8211; dann sollten Sie mich kennenlernen. Ich kenne alle Facetten des Familien- und Erbrechts. Oberstes Ziel meiner Betreuung ist die Befriedung der f\u00fcr Sie belastenden Situation, die die Zufriedenheit m\u00f6glichst aller Beteiligten bewirkt. Die Zielsetzung ist immer einverst\u00e4ndliche au\u00dfergerichtliche Ergebnisse zu [&hellip;]<\/p>\n","protected":false},"author":1,"featured_media":0,"parent":0,"menu_order":0,"comment_status":"open","ping_status":"open","template":"","meta":[],"_links":{"self":[{"href":"https:\/\/kanzlei-matkei.de\/index.php?rest_route=\/wp\/v2\/pages\/172"}],"collection":[{"href":"https:\/\/kanzlei-matkei.de\/index.php?rest_route=\/wp\/v2\/pages"}],"about":[{"href":"https:\/\/kanzlei-matkei.de\/index.php?rest_route=\/wp\/v2\/types\/page"}],"author":[{"embeddable":true,"href":"https:\/\/kanzlei-matkei.de\/index.php?rest_route=\/wp\/v2\/users\/1"}],"replies":[{"embeddable":true,"href":"https:\/\/kanzlei-matkei.de\/index.php?rest_route=%2Fwp%2Fv2%2Fcomments&post=172"}],"version-history":[{"count":8,"href":"https:\/\/kanzlei-matkei.de\/index.php?rest_route=\/wp\/v2\/pages\/172\/revisions"}],"predecessor-version":[{"id":269,"href":"https:\/\/kanzlei-matkei.de\/index.php?rest_route=\/wp\/v2\/pages\/172\/revisions\/269"}],"wp:attachment":[{"href":"https:\/\/kanzlei-matkei.de\/index.php?rest_route=%2Fwp%2Fv2%2Fmedia&parent=172"}],"curies":[{"name":"wp","href":"https:\/\/api.w.org\/{rel}","templated":true}]}}