 {"id":115,"date":"2012-11-15T17:35:41","date_gmt":"2012-11-15T15:35:41","guid":{"rendered":"http:\/\/bibelkundequiz.de\/saulgau\/?page_id=115"},"modified":"2018-03-03T00:36:37","modified_gmt":"2018-03-02T22:36:37","slug":"startseite","status":"publish","type":"page","link":"https:\/\/kanzlei-matkei.de\/","title":{"rendered":"Home"},"content":{"rendered":"<h1>Herzlich willkommen!<\/h1>\n<p><img decoding=\"async\" class=\"alignright size-medium wp-image-197\" title=\"Rechtsanwalt Frank Matkei\" src=\"http:\/\/kanzlei-matkei.dewp-content\/uploads\/2012\/11\/41-257x300.jpg\" alt=\"Rechtsanwalt Frank Matkei\" width=\"240\" srcset=\"https:\/\/kanzlei-matkei.de\/wp-content\/uploads\/2012\/11\/41-257x300.jpg 257w, https:\/\/kanzlei-matkei.de\/wp-content\/uploads\/2012\/11\/41.jpg 379w\" sizes=\"(max-width: 257px) 100vw, 257px\" \/><\/p>\n<p>&nbsp;<\/p>\n<p><span style=\"font-size: small;\">Ich begr\u00fc\u00dfe Sie in meiner Rechtsanwaltskanzlei. Ich biete Ihnen meine pers\u00f6nliche Betreuung als Ihr Rechtsvertreter an und garantiere Ihnen eine exklusive und individuell auf Ihre Bed\u00fcrfnisse abgestimmte Interessenvertretung. Ich berate Sie und setze Ihre Interessen durch.<\/span><\/p>\n<p><span style=\"font-size: small;\">Ihr Erfolg ist mein Ziel.<\/span><\/p>\n<p>&nbsp;<\/p>\n","protected":false},"excerpt":{"rendered":"<p>Herzlich willkommen! &nbsp; Ich begr\u00fc\u00dfe Sie in meiner Rechtsanwaltskanzlei. Ich biete Ihnen meine pers\u00f6nliche Betreuung als Ihr Rechtsvertreter an und garantiere Ihnen eine exklusive und individuell auf Ihre Bed\u00fcrfnisse abgestimmte Interessenvertretung. Ich berate Sie und setze Ihre Interessen durch. Ihr Erfolg ist mein Ziel. &nbsp;<\/p>\n","protected":false},"author":1,"featured_media":0,"parent":0,"menu_order":0,"comment_status":"open","ping_status":"open","template":"","meta":[],"_links":{"self":[{"href":"https:\/\/kanzlei-matkei.de\/index.php?rest_route=\/wp\/v2\/pages\/115"}],"collection":[{"href":"https:\/\/kanzlei-matkei.de\/index.php?rest_route=\/wp\/v2\/pages"}],"about":[{"href":"https:\/\/kanzlei-matkei.de\/index.php?rest_route=\/wp\/v2\/types\/page"}],"author":[{"embeddable":true,"href":"https:\/\/kanzlei-matkei.de\/index.php?rest_route=\/wp\/v2\/users\/1"}],"replies":[{"embeddable":true,"href":"https:\/\/kanzlei-matkei.de\/index.php?rest_route=%2Fwp%2Fv2%2Fcomments&post=115"}],"version-history":[{"count":17,"href":"https:\/\/kanzlei-matkei.de\/index.php?rest_route=\/wp\/v2\/pages\/115\/revisions"}],"predecessor-version":[{"id":169,"href":"https:\/\/kanzlei-matkei.de\/index.php?rest_route=\/wp\/v2\/pages\/115\/revisions\/169"}],"wp:attachment":[{"href":"https:\/\/kanzlei-matkei.de\/index.php?rest_route=%2Fwp%2Fv2%2Fmedia&parent=115"}],"curies":[{"name":"wp","href":"https:\/\/api.w.org\/{rel}","templated":true}]}}