 {"id":108,"date":"2012-11-15T12:19:24","date_gmt":"2012-11-15T10:19:24","guid":{"rendered":"http:\/\/bibelkundequiz.de\/saulgau\/?page_id=105"},"modified":"2012-12-11T16:46:44","modified_gmt":"2012-12-11T14:46:44","slug":"links-2","status":"publish","type":"page","link":"https:\/\/kanzlei-matkei.de\/?page_id=108","title":{"rendered":"Links"},"content":{"rendered":"<h1>Links<\/h1>\n<p>Hier finden Sie Verweise auf Internetseiten mit weiterf\u00fchrendem Inhalt.<a href=\"http:\/\/kanzlei-matkei.dewp-content\/uploads\/2012\/11\/1.jpg\"><img decoding=\"async\" loading=\"lazy\" class=\"alignright size-medium wp-image-194\"  src=\"http:\/\/kanzlei-matkei.dewp-content\/uploads\/2012\/11\/1-300x120.jpg\" alt=\"Rechtsanwalt Frank Matkei\" width=\"300\" height=\"120\" srcset=\"https:\/\/kanzlei-matkei.de\/wp-content\/uploads\/2012\/11\/1-300x120.jpg 300w, https:\/\/kanzlei-matkei.de\/wp-content\/uploads\/2012\/11\/1.jpg 720w\" sizes=\"(max-width: 300px) 100vw, 300px\" \/><\/a><\/p>\n<ul>\n<li><a title=\"Die Internetpr\u00e4senz des Bundesgerichtshofs\" href=\"http:\/\/www.bundesgerichtshof.de\/DE\/Home\/home_node.html\" target=\"_blank\">Bundesgerichtshof<\/a><br \/> Die Internetpr\u00e4senz des obersten deutschen Gerichts.<\/li>\n<li><a title=\"Oberlandesgericht Stuttgart\" href=\"http:\/\/www.olg-stuttgart.de\/servlet\/PB\/menu\/1182029\/index.htmlhttp:\/\/www.olg-stuttgart.de\/servlet\/PB\/menu\/1182029\/index.htmlhttp:\/\/www.olg-stuttgart.de\/servlet\/PB\/menu\/1182029\/index.html\" target=\"_blank\">Oberlandesgericht Stuttgart<\/a><\/li>\n<li><a title=\"Oberlandesgericht D\u00fcsseldorf\" href=\"http:\/\/www.olg-duesseldorf.nrw.de\/\" target=\"_blank\">Oberlandesgericht D\u00fcsseldorf<\/a><br \/> Hier haben Sie unter anderem Zugriff auf die &#8220;D\u00fcsseldorfer Tabelle&#8221;, die Leitlinien zum Unterhaltsbedarf enth\u00e4lt.<\/li>\n<\/ul>\n<p>&nbsp;<\/p>\n<p><a title=\"Home\" href=\"http:\/\/kanzlei-matkei.de?page_id=115\">< Zur\u00fcck <\/a><\/p>\n","protected":false},"excerpt":{"rendered":"<p>Links Hier finden Sie Verweise auf Internetseiten mit weiterf\u00fchrendem Inhalt. Bundesgerichtshof Die Internetpr\u00e4senz des obersten deutschen Gerichts. Oberlandesgericht Stuttgart Oberlandesgericht D\u00fcsseldorf Hier haben Sie unter anderem Zugriff auf die &#8220;D\u00fcsseldorfer Tabelle&#8221;, die Leitlinien zum Unterhaltsbedarf enth\u00e4lt. &nbsp; < Zur\u00fcck\n<\/p>\n","protected":false},"author":1,"featured_media":0,"parent":0,"menu_order":0,"comment_status":"open","ping_status":"open","template":"","meta":[],"_links":{"self":[{"href":"https:\/\/kanzlei-matkei.de\/index.php?rest_route=\/wp\/v2\/pages\/108"}],"collection":[{"href":"https:\/\/kanzlei-matkei.de\/index.php?rest_route=\/wp\/v2\/pages"}],"about":[{"href":"https:\/\/kanzlei-matkei.de\/index.php?rest_route=\/wp\/v2\/types\/page"}],"author":[{"embeddable":true,"href":"https:\/\/kanzlei-matkei.de\/index.php?rest_route=\/wp\/v2\/users\/1"}],"replies":[{"embeddable":true,"href":"https:\/\/kanzlei-matkei.de\/index.php?rest_route=%2Fwp%2Fv2%2Fcomments&post=108"}],"version-history":[{"count":5,"href":"https:\/\/kanzlei-matkei.de\/index.php?rest_route=\/wp\/v2\/pages\/108\/revisions"}],"predecessor-version":[{"id":256,"href":"https:\/\/kanzlei-matkei.de\/index.php?rest_route=\/wp\/v2\/pages\/108\/revisions\/256"}],"wp:attachment":[{"href":"https:\/\/kanzlei-matkei.de\/index.php?rest_route=%2Fwp%2Fv2%2Fmedia&parent=108"}],"curies":[{"name":"wp","href":"https:\/\/api.w.org\/{rel}","templated":true}]}}